{"id":133,"date":"2018-04-24T10:36:07","date_gmt":"2018-04-24T08:36:07","guid":{"rendered":"http:\/\/wordpress.baumpflege-loest.de\/?page_id=133"},"modified":"2020-12-19T10:16:10","modified_gmt":"2020-12-19T09:16:10","slug":"faellung","status":"publish","type":"page","link":"https:\/\/baumpflege-loest.de\/?page_id=133","title":{"rendered":"F\u00e4llung"},"content":{"rendered":"<p>Wenn ein Baum nicht erhalten werden kann, f\u00e4llen wir ihn m\u00f6glichst sicher und ohne unn\u00f6tige Belastungen f\u00fcr das umliegende Gel\u00e4nde. Je nach den \u00f6rtlichen Gegebenheiten, setzen wir unterschiedliche Techniken ein. Diese sind:<\/p>\n<ul>\n<li>Seilklettertechnik<\/li>\n<li>Hubarbeitsb\u00fchne<\/li>\n<li>Kran<\/li>\n<li>Forstschlepper mit Seilwinde vom Boden aus.<\/li>\n<\/ul>\n<p>Wir k\u00f6nnen bei F\u00e4llungen auf ein Repertoire von technischen Anwendungen wie verschiedenen Abseilsystemen- und techniken zur\u00fcckgreifen um das Baumumfeld weitestgehend schadenfrei zu hinterlassen. So k\u00f6nnen gro\u00dfe \u00c4ste und Stammteile in der Krone gesichert, anschlie\u00dfend abges\u00e4gt und kontrolliert abgelassen werden.<\/p>\n<p>Auf Wunsch k\u00f6nnen wir das Fr\u00e4\u00dfen des Wurzelstocks, die Entsorgung des Fr\u00e4\u00dfguts, sowie das Auff\u00fcllen mit Mutterboden organisieren. Bei Neupflanzungen von B\u00e4umen arbeiten wir mit einer \u00f6rtlichen Baumschule zusammen.<\/p>\n<p class=\"hide-if-no-js\"><a id=\"set-post-thumbnail\" class=\"thickbox\" href=\"http:\/\/wordpress.baumpflege-loest.de\/wp-admin\/media-upload.php?post_id=133&amp;type=image&amp;TB_iframe=1\" aria-describedby=\"set-post-thumbnail-desc\"><img loading=\"lazy\" class=\"attachment-266x266 size-266x266\" src=\"http:\/\/wordpress.baumpflege-loest.de\/wp-content\/uploads\/2018\/04\/Fa\u0308llung-Eschen-2.jpg\" sizes=\"(max-width: 266px) 100vw, 266px\" srcset=\"http:\/\/wordpress.baumpflege-loest.de\/wp-content\/uploads\/2018\/04\/Fa\u0308llung-Eschen-2.jpg 1600w, http:\/\/wordpress.baumpflege-loest.de\/wp-content\/uploads\/2018\/04\/Fa\u0308llung-Eschen-2-300x225.jpg 300w, http:\/\/wordpress.baumpflege-loest.de\/wp-content\/uploads\/2018\/04\/Fa\u0308llung-Eschen-2-768x576.jpg 768w, http:\/\/wordpress.baumpflege-loest.de\/wp-content\/uploads\/2018\/04\/Fa\u0308llung-Eschen-2-1024x768.jpg 1024w, http:\/\/wordpress.baumpflege-loest.de\/wp-content\/uploads\/2018\/04\/Fa\u0308llung-Eschen-2-480x360.jpg 480w\" alt=\"\" width=\"266\" height=\"200\" \/><\/a><\/p>\n","protected":false},"excerpt":{"rendered":"<p>Wenn ein Baum nicht erhalten werden kann, f\u00e4llen wir ihn m\u00f6glichst sicher und ohne unn\u00f6tige Belastungen f\u00fcr das umliegende Gel\u00e4nde. Je nach den \u00f6rtlichen Gegebenheiten, setzen wir unterschiedliche Techniken ein.<a href=\"https:\/\/baumpflege-loest.de\/?page_id=133\" class=\"more-link\">Read More <span class=\"screen-reader-text\">F\u00e4llung<\/span><\/a><\/p>\n","protected":false},"author":1,"featured_media":97,"parent":57,"menu_order":0,"comment_status":"closed","ping_status":"closed","template":"","meta":[],"_links":{"self":[{"href":"https:\/\/baumpflege-loest.de\/index.php?rest_route=\/wp\/v2\/pages\/133"}],"collection":[{"href":"https:\/\/baumpflege-loest.de\/index.php?rest_route=\/wp\/v2\/pages"}],"about":[{"href":"https:\/\/baumpflege-loest.de\/index.php?rest_route=\/wp\/v2\/types\/page"}],"author":[{"embeddable":true,"href":"https:\/\/baumpflege-loest.de\/index.php?rest_route=\/wp\/v2\/users\/1"}],"replies":[{"embeddable":true,"href":"https:\/\/baumpflege-loest.de\/index.php?rest_route=%2Fwp%2Fv2%2Fcomments&post=133"}],"version-history":[{"count":4,"href":"https:\/\/baumpflege-loest.de\/index.php?rest_route=\/wp\/v2\/pages\/133\/revisions"}],"predecessor-version":[{"id":214,"href":"https:\/\/baumpflege-loest.de\/index.php?rest_route=\/wp\/v2\/pages\/133\/revisions\/214"}],"up":[{"embeddable":true,"href":"https:\/\/baumpflege-loest.de\/index.php?rest_route=\/wp\/v2\/pages\/57"}],"wp:featuredmedia":[{"embeddable":true,"href":"https:\/\/baumpflege-loest.de\/index.php?rest_route=\/wp\/v2\/media\/97"}],"wp:attachment":[{"href":"https:\/\/baumpflege-loest.de\/index.php?rest_route=%2Fwp%2Fv2%2Fmedia&parent=133"}],"curies":[{"name":"wp","href":"https:\/\/api.w.org\/{rel}","templated":true}]}}