{"id":138,"date":"2018-04-24T10:59:48","date_gmt":"2018-04-24T08:59:48","guid":{"rendered":"http:\/\/wordpress.baumpflege-loest.de\/?page_id=138"},"modified":"2021-01-05T11:49:32","modified_gmt":"2021-01-05T10:49:32","slug":"baumpflege","status":"publish","type":"page","link":"https:\/\/baumpflege-loest.de\/?page_id=138","title":{"rendered":"Baumpflege &#038; Naturschutz"},"content":{"rendered":"<p>Die Baumpflege zielt auf eine m\u00f6glichst nachhaltige Entwicklung unseres Baumbestandes ab. Sie ist gefragt wenn ein guter Kompromiss zwischen den menschlichen Bed\u00fcrfnissen und der Baumgesundheit gemacht werden soll. H\u00e4ufig sind Baumpfleger und eine Kroneneink\u00fcrzung gefragt, wenn ein Baum den Garten bzw. die Wohnr\u00e4ume zu sehr verschattet. Soll ein mittel- oder sogar gro\u00dfkroniger Baum klein gehalten werden, ist es unbedingt zu empfehlen, fr\u00fchzeitig mit dem R\u00fcckschnitt zu beginnen, um die Wunden m\u00f6glichst klein zu halten. Dies gilt auch f\u00fcr Eink\u00fcrzungen in Richtung Fassade oder Nachbargrundst\u00fcck. Bei \u00e4lteren B\u00e4umen sind starke Eingriffe m\u00f6glichst zu vermeiden.<\/p>\n<p>Im Urbanen Raum sind die Baumstandorte h\u00e4ufig Extremstandorte. So sind Stadtb\u00e4ume oft Hitze\u00a0 und Trockenheit, sowie starker Sonneneinstrahlung aber auch Streusalz, Urin und anderen Chemikalien ausgesetzt. Unsere Aufgabe ist es die negativen Einwirkungen zu erkennen, soweit als m\u00f6glich abzumildern und gegebenenfalls den Baumstandort zu\u00a0 verbessern. Die Erhaltung des Baumbestandes ist auch ein gro\u00dfer Beitrag am Naturschutz in der Stadt. In und um B\u00e4ume sind zahlreiche Tiere, gro\u00dfteils auch sehr seltene unterwegs. Da im und am Baum lebende Tiere meist nicht auf den ersten Blick zu sehen sind, ist beim \u201eBetreten\u201c dieses Lebensraumes Vorsicht geboten. Zum Beispiel k\u00f6nnen sich in Borkenvertiefungen kleine Flederm\u00e4use aufhalten. H\u00f6hlungen sind garantiert von irgendeiner Spezies bewohnt. Bei etwaigen F\u00e4llungen m\u00fcssen hier bestimmte Zeiten gew\u00e4hlt werden, beispielsweise wenn Flederm\u00e4use mobil sind und nicht in einem komat\u00f6sen Schlaf verharren. Befinden sich holzfressende Insektenarten in einem solchen Baum, ist eine Lagerung des gef\u00e4llten Holzes an geeigneter Stelle denkbar aber auch das Belassen eines Reststammes\/ Torso, welcher lange standsicher sein, ist m\u00f6glich. Wir arbeiten in solchen F\u00e4llen mit der Naturschutzbeh\u00f6rde zusammen.<\/p>\n<p>B\u00e4ume in der Stadt k\u00f6nnen als Netzwerk gesehen werden, entlang dessen auch Wanderungen von Tieren stattfinden. Park\u00e4hnliche Strukturen und kleine W\u00e4lder in der Stadt sollten deshalb unbedingt erhalten bleiben und ausgebaut werden.<\/p>\n<p><img loading=\"lazy\" class=\"alignnone size-medium wp-image-256\" src=\"https:\/\/baumpflege-loest.de\/wp-content\/uploads\/2021\/01\/1575234733055-169x300.jpg\" alt=\"\" width=\"169\" height=\"300\" srcset=\"https:\/\/baumpflege-loest.de\/wp-content\/uploads\/2021\/01\/1575234733055-169x300.jpg 169w, https:\/\/baumpflege-loest.de\/wp-content\/uploads\/2021\/01\/1575234733055.jpg 324w\" sizes=\"(max-width: 169px) 100vw, 169px\" \/> <img loading=\"lazy\" class=\"alignnone size-medium wp-image-257\" src=\"https:\/\/baumpflege-loest.de\/wp-content\/uploads\/2021\/01\/Bilder-Sony-1275-225x300.jpg\" alt=\"\" width=\"225\" height=\"300\" srcset=\"https:\/\/baumpflege-loest.de\/wp-content\/uploads\/2021\/01\/Bilder-Sony-1275-225x300.jpg 225w, https:\/\/baumpflege-loest.de\/wp-content\/uploads\/2021\/01\/Bilder-Sony-1275-768x1024.jpg 768w, https:\/\/baumpflege-loest.de\/wp-content\/uploads\/2021\/01\/Bilder-Sony-1275-1152x1536.jpg 1152w, https:\/\/baumpflege-loest.de\/wp-content\/uploads\/2021\/01\/Bilder-Sony-1275.jpg 1200w\" sizes=\"(max-width: 225px) 100vw, 225px\" \/> <img loading=\"lazy\" class=\"alignnone size-medium wp-image-258\" src=\"https:\/\/baumpflege-loest.de\/wp-content\/uploads\/2021\/01\/IMG-20200304-WA0014-300x225.jpg\" alt=\"\" width=\"300\" height=\"225\" srcset=\"https:\/\/baumpflege-loest.de\/wp-content\/uploads\/2021\/01\/IMG-20200304-WA0014-300x225.jpg 300w, https:\/\/baumpflege-loest.de\/wp-content\/uploads\/2021\/01\/IMG-20200304-WA0014-1024x768.jpg 1024w, https:\/\/baumpflege-loest.de\/wp-content\/uploads\/2021\/01\/IMG-20200304-WA0014-768x576.jpg 768w, https:\/\/baumpflege-loest.de\/wp-content\/uploads\/2021\/01\/IMG-20200304-WA0014-1536x1152.jpg 1536w, https:\/\/baumpflege-loest.de\/wp-content\/uploads\/2021\/01\/IMG-20200304-WA0014-480x360.jpg 480w, https:\/\/baumpflege-loest.de\/wp-content\/uploads\/2021\/01\/IMG-20200304-WA0014.jpg 1600w\" sizes=\"(max-width: 300px) 100vw, 300px\" \/><\/p>\n","protected":false},"excerpt":{"rendered":"<p>Die Baumpflege zielt auf eine m\u00f6glichst nachhaltige Entwicklung unseres Baumbestandes ab. Sie ist gefragt wenn ein guter Kompromiss zwischen den menschlichen Bed\u00fcrfnissen und der Baumgesundheit gemacht werden soll. H\u00e4ufig sind<a href=\"https:\/\/baumpflege-loest.de\/?page_id=138\" class=\"more-link\">Read More <span class=\"screen-reader-text\">Baumpflege &#038; Naturschutz<\/span><\/a><\/p>\n","protected":false},"author":1,"featured_media":145,"parent":57,"menu_order":0,"comment_status":"closed","ping_status":"closed","template":"","meta":[],"_links":{"self":[{"href":"https:\/\/baumpflege-loest.de\/index.php?rest_route=\/wp\/v2\/pages\/138"}],"collection":[{"href":"https:\/\/baumpflege-loest.de\/index.php?rest_route=\/wp\/v2\/pages"}],"about":[{"href":"https:\/\/baumpflege-loest.de\/index.php?rest_route=\/wp\/v2\/types\/page"}],"author":[{"embeddable":true,"href":"https:\/\/baumpflege-loest.de\/index.php?rest_route=\/wp\/v2\/users\/1"}],"replies":[{"embeddable":true,"href":"https:\/\/baumpflege-loest.de\/index.php?rest_route=%2Fwp%2Fv2%2Fcomments&post=138"}],"version-history":[{"count":7,"href":"https:\/\/baumpflege-loest.de\/index.php?rest_route=\/wp\/v2\/pages\/138\/revisions"}],"predecessor-version":[{"id":259,"href":"https:\/\/baumpflege-loest.de\/index.php?rest_route=\/wp\/v2\/pages\/138\/revisions\/259"}],"up":[{"embeddable":true,"href":"https:\/\/baumpflege-loest.de\/index.php?rest_route=\/wp\/v2\/pages\/57"}],"wp:featuredmedia":[{"embeddable":true,"href":"https:\/\/baumpflege-loest.de\/index.php?rest_route=\/wp\/v2\/media\/145"}],"wp:attachment":[{"href":"https:\/\/baumpflege-loest.de\/index.php?rest_route=%2Fwp%2Fv2%2Fmedia&parent=138"}],"curies":[{"name":"wp","href":"https:\/\/api.w.org\/{rel}","templated":true}]}}