{"id":141,"date":"2018-04-24T11:01:56","date_gmt":"2018-04-24T09:01:56","guid":{"rendered":"http:\/\/wordpress.baumpflege-loest.de\/?page_id=141"},"modified":"2020-12-19T10:22:17","modified_gmt":"2020-12-19T09:22:17","slug":"kronenpflege","status":"publish","type":"page","link":"https:\/\/baumpflege-loest.de\/?page_id=141","title":{"rendered":"Seilklettertechnik"},"content":{"rendered":"<p>Unser Hauptarbeitsverfahren stellt die Seilklettertechnik (SKT) dar. Mit ihr k\u00f6nnen wir auch an schwer zug\u00e4nglichen Stellen wie z.B. im Hangbereich oder in eng bebauten Bereichen arbeiten, ohne durch schweres Ger\u00e4t Sch\u00e4den am Grundst\u00fcck bzw. am Baum zu hinterlassen. Mit ihr ist es m\u00f6glich in den Feinastbereich zu gelangen ohne \u00c4ste abzubrechen. Baumteile k\u00f6nnen, wenn n\u00f6tig, mit spezieller Ausr\u00fcstung abgeseilt werden.<\/p>\n<p>Alle Arbeiten werden nach den anerkannten \u00a0Regeln der Technik, welche u.a. in der ZTV Baumpflege der aktuellsten Version zu finden sind, durchgef\u00fchrt. (ZTV=Zus\u00e4tzliche Technische Vertragsbedingungen und Richtlinien f\u00fcr Baumpflege)<\/p>\n<p>Unser Team besteht aus Fachkr\u00e4ften, welche sich regelm\u00e4\u00dfig weiterbilden und sich verpflichtet sehen s\u00e4mtliche Unfallverh\u00fctungsvorschriften zu beachten.<\/p>\n<p>Kletterarbeiten werden von mindestens zwei ausgebildeten kletternden Baumpflegern ausgef\u00fchrt, um in einer eventuellen Notsituation direkt handeln zu k\u00f6nnen. Dies ist auch Vorschrift der Berufsgenossenschaft.<\/p>\n<p class=\"hide-if-no-js\"><img loading=\"lazy\" class=\"alignnone size-medium wp-image-119\" src=\"http:\/\/wordpress.baumpflege-loest.de\/wp-content\/uploads\/2018\/04\/Fa\u0308llung-Zeder-5-225x300.jpg\" alt=\"\" width=\"225\" height=\"300\" srcset=\"https:\/\/baumpflege-loest.de\/wp-content\/uploads\/2018\/04\/Fa\u0308llung-Zeder-5-225x300.jpg 225w, https:\/\/baumpflege-loest.de\/wp-content\/uploads\/2018\/04\/Fa\u0308llung-Zeder-5-768x1024.jpg 768w, https:\/\/baumpflege-loest.de\/wp-content\/uploads\/2018\/04\/Fa\u0308llung-Zeder-5.jpg 1200w\" sizes=\"(max-width: 225px) 100vw, 225px\" \/><\/p>\n","protected":false},"excerpt":{"rendered":"<p>Unser Hauptarbeitsverfahren stellt die Seilklettertechnik (SKT) dar. Mit ihr k\u00f6nnen wir auch an schwer zug\u00e4nglichen Stellen wie z.B. im Hangbereich oder in eng bebauten Bereichen arbeiten, ohne durch schweres Ger\u00e4t<a href=\"https:\/\/baumpflege-loest.de\/?page_id=141\" class=\"more-link\">Read More <span class=\"screen-reader-text\">Seilklettertechnik<\/span><\/a><\/p>\n","protected":false},"author":1,"featured_media":110,"parent":57,"menu_order":0,"comment_status":"closed","ping_status":"closed","template":"","meta":[],"_links":{"self":[{"href":"https:\/\/baumpflege-loest.de\/index.php?rest_route=\/wp\/v2\/pages\/141"}],"collection":[{"href":"https:\/\/baumpflege-loest.de\/index.php?rest_route=\/wp\/v2\/pages"}],"about":[{"href":"https:\/\/baumpflege-loest.de\/index.php?rest_route=\/wp\/v2\/types\/page"}],"author":[{"embeddable":true,"href":"https:\/\/baumpflege-loest.de\/index.php?rest_route=\/wp\/v2\/users\/1"}],"replies":[{"embeddable":true,"href":"https:\/\/baumpflege-loest.de\/index.php?rest_route=%2Fwp%2Fv2%2Fcomments&post=141"}],"version-history":[{"count":4,"href":"https:\/\/baumpflege-loest.de\/index.php?rest_route=\/wp\/v2\/pages\/141\/revisions"}],"predecessor-version":[{"id":217,"href":"https:\/\/baumpflege-loest.de\/index.php?rest_route=\/wp\/v2\/pages\/141\/revisions\/217"}],"up":[{"embeddable":true,"href":"https:\/\/baumpflege-loest.de\/index.php?rest_route=\/wp\/v2\/pages\/57"}],"wp:featuredmedia":[{"embeddable":true,"href":"https:\/\/baumpflege-loest.de\/index.php?rest_route=\/wp\/v2\/media\/110"}],"wp:attachment":[{"href":"https:\/\/baumpflege-loest.de\/index.php?rest_route=%2Fwp%2Fv2%2Fmedia&parent=141"}],"curies":[{"name":"wp","href":"https:\/\/api.w.org\/{rel}","templated":true}]}}