{"id":146,"date":"2018-04-24T11:03:30","date_gmt":"2018-04-24T09:03:30","guid":{"rendered":"http:\/\/wordpress.baumpflege-loest.de\/?page_id=146"},"modified":"2021-01-05T11:50:30","modified_gmt":"2021-01-05T10:50:30","slug":"obstbaumschnitt","status":"publish","type":"page","link":"https:\/\/baumpflege-loest.de\/?page_id=146","title":{"rendered":"Obstbaumschnitt"},"content":{"rendered":"<p>Der Obstbaumschnitt hat eine Sonderstellung in der Baumpflege. Hierbei geht es darum eine Kronenform zu schaffen, welche einen m\u00f6glichst geringen Pflegeaufwand fordert und trotzdem ein regelm\u00e4\u00dfiger Ertrag abwirft. Wir haben uns deshalb der sogenannten \u201e\u00d6schbergkrone\u201c verschrieben, welche eine relativ nat\u00fcrliche Verzweigungsarchitektur besitzt. So wird beim Schnitt nicht immer wieder gegen die Wuchskraft gearbeitet, sonder sie wird auf sogenannte Leit\u00e4ste konzentriert.<\/p>\n<p>Das Ergebnis ist ein ausgewogenes Verh\u00e4ltnis von den tragenden Leit\u00e4sten und dem Fruchtholz welches die Garnierung an den schlankeren Seiten\u00e4sten darstellt.B\u00e4ume welche in anderer Weise erzogen wurden, k\u00f6nnen oft \u201eumerzogen\u201c werden. Es ist aber nat\u00fcrlich immer m\u00f6glich die Schnittvariante in der gleichen Weise fortzuf\u00fchren und manchmal auch sinnvoll, wie zum Beispiel bei \u201eKopfb\u00e4umen\u201c oder sehr alten weniger w\u00fcchsigen B\u00e4umen.<\/p>\n<p class=\"hide-if-no-js\"><a id=\"set-post-thumbnail\" class=\"thickbox\" href=\"http:\/\/wordpress.baumpflege-loest.de\/wp-admin\/media-upload.php?post_id=146&amp;type=image&amp;TB_iframe=1\" aria-describedby=\"set-post-thumbnail-desc\"><\/a><img loading=\"lazy\" class=\"alignnone size-medium wp-image-260\" src=\"https:\/\/baumpflege-loest.de\/wp-content\/uploads\/2021\/01\/IMG-20200413-WA0002-300x225.jpg\" alt=\"\" width=\"300\" height=\"225\" srcset=\"https:\/\/baumpflege-loest.de\/wp-content\/uploads\/2021\/01\/IMG-20200413-WA0002-300x225.jpg 300w, https:\/\/baumpflege-loest.de\/wp-content\/uploads\/2021\/01\/IMG-20200413-WA0002-1024x768.jpg 1024w, https:\/\/baumpflege-loest.de\/wp-content\/uploads\/2021\/01\/IMG-20200413-WA0002-768x576.jpg 768w, https:\/\/baumpflege-loest.de\/wp-content\/uploads\/2021\/01\/IMG-20200413-WA0002-1536x1153.jpg 1536w, https:\/\/baumpflege-loest.de\/wp-content\/uploads\/2021\/01\/IMG-20200413-WA0002-480x360.jpg 480w, https:\/\/baumpflege-loest.de\/wp-content\/uploads\/2021\/01\/IMG-20200413-WA0002.jpg 1599w\" sizes=\"(max-width: 300px) 100vw, 300px\" \/><\/p>\n","protected":false},"excerpt":{"rendered":"<p>Der Obstbaumschnitt hat eine Sonderstellung in der Baumpflege. Hierbei geht es darum eine Kronenform zu schaffen, welche einen m\u00f6glichst geringen Pflegeaufwand fordert und trotzdem ein regelm\u00e4\u00dfiger Ertrag abwirft. Wir haben<a href=\"https:\/\/baumpflege-loest.de\/?page_id=146\" class=\"more-link\">Read More <span class=\"screen-reader-text\">Obstbaumschnitt<\/span><\/a><\/p>\n","protected":false},"author":1,"featured_media":147,"parent":57,"menu_order":0,"comment_status":"closed","ping_status":"closed","template":"","meta":[],"_links":{"self":[{"href":"https:\/\/baumpflege-loest.de\/index.php?rest_route=\/wp\/v2\/pages\/146"}],"collection":[{"href":"https:\/\/baumpflege-loest.de\/index.php?rest_route=\/wp\/v2\/pages"}],"about":[{"href":"https:\/\/baumpflege-loest.de\/index.php?rest_route=\/wp\/v2\/types\/page"}],"author":[{"embeddable":true,"href":"https:\/\/baumpflege-loest.de\/index.php?rest_route=\/wp\/v2\/users\/1"}],"replies":[{"embeddable":true,"href":"https:\/\/baumpflege-loest.de\/index.php?rest_route=%2Fwp%2Fv2%2Fcomments&post=146"}],"version-history":[{"count":7,"href":"https:\/\/baumpflege-loest.de\/index.php?rest_route=\/wp\/v2\/pages\/146\/revisions"}],"predecessor-version":[{"id":261,"href":"https:\/\/baumpflege-loest.de\/index.php?rest_route=\/wp\/v2\/pages\/146\/revisions\/261"}],"up":[{"embeddable":true,"href":"https:\/\/baumpflege-loest.de\/index.php?rest_route=\/wp\/v2\/pages\/57"}],"wp:featuredmedia":[{"embeddable":true,"href":"https:\/\/baumpflege-loest.de\/index.php?rest_route=\/wp\/v2\/media\/147"}],"wp:attachment":[{"href":"https:\/\/baumpflege-loest.de\/index.php?rest_route=%2Fwp%2Fv2%2Fmedia&parent=146"}],"curies":[{"name":"wp","href":"https:\/\/api.w.org\/{rel}","templated":true}]}}