{"id":149,"date":"2018-04-24T11:04:47","date_gmt":"2018-04-24T09:04:47","guid":{"rendered":"http:\/\/wordpress.baumpflege-loest.de\/?page_id=149"},"modified":"2021-01-05T11:48:52","modified_gmt":"2021-01-05T10:48:52","slug":"baumkrankheiten","status":"publish","type":"page","link":"https:\/\/baumpflege-loest.de\/?page_id=149","title":{"rendered":"Baumkrankheiten"},"content":{"rendered":"<p>Baumkrankheiten sind eine normale Erscheinung auch an vitalen B\u00e4umen. Der Befall durch Sch\u00e4dlinge und Pilze wird beg\u00fcnstigt durch eine Schw\u00e4chung der Baumgesundheit aufgrund von Trockenheit, Mangelern\u00e4hrung, zu hohem Stickstoffeintrag, Kappungen bzw. gr\u00f6\u00dferen Schnitte an den Wurzeln oder in der Krone. Ein sogenannter \u201evitaler Baum\u201c kann negativen Einfl\u00fcssen besser standhalten. Hier sollte die Baumpflege ansetzten und pr\u00e4ventiv agieren. Damit werden in der Bilanz weniger Kosten verursacht und es ist m\u00f6glich einen wertvollen Jung- und Altbaumbestand zu schaffen.<\/p>\n<p>Der <strong>Klimawandel<\/strong> stellt uns vor die neue Herausforderung der relativ schnellen Zunahme von klimatischen Extremereignissen, wie Starkregen und darauf folgende lange D\u00fcrreperioden mit teilweiser Hitzeeinwirkung.<\/p>\n<p>Baumkrankheiten in der Stadt, die das Leben des Baumes gef\u00e4hrden, sind meist Komplexkrankheiten, welche aus mehreren Ursachen und auch Symptomen bestehen. Wassermangel und Bodenverdichtung sind als Ursachen meist beteiligt. Beispiele sind der <strong>Schleimfluss an Buche<\/strong>, <strong>das Eichensterben <\/strong>und<strong> das Rosskastaniensterben.<\/strong><\/p>\n<p>Holzzersetzende Pilze k\u00f6nnen alle Organe des Baumes sowohl ober- als auch unterirdisch besiedeln. Dabei kommen Spezies vor, welche ausschlie\u00dflich Totholz zersetzen, wie auch Typen die lebende Holzzellen besiedeln und diese abbauen. Letztere k\u00f6nnen gef\u00e4hrlich f\u00fcr die Baumstatik und die Versorgung des Baumes werden. Die Zersetzungsgeschwindigkeit wird von der Artkombination Baum-Pilz, wie auch ma\u00dfgeblich von der Vitalit\u00e4t des Baumes beeinflusst. So kommt es vor, dass ein Baum mit dem Neuzuwachs die Zersetzung im Inneren ausgleichen kann.<\/p>\n<p>Um eine Besiedelung m\u00f6glichst lange zu Verhindern, ist es wichtig den Baum so wenig wie n\u00f6tig zu verletzen, da Wunden die Haupteintrittspforte darstellen.<\/p>\n<p><img loading=\"lazy\" class=\"alignnone size-medium wp-image-252\" src=\"https:\/\/baumpflege-loest.de\/wp-content\/uploads\/2021\/01\/Bilder-Sony-1342-169x300.jpg\" alt=\"\" width=\"169\" height=\"300\" srcset=\"https:\/\/baumpflege-loest.de\/wp-content\/uploads\/2021\/01\/Bilder-Sony-1342-169x300.jpg 169w, https:\/\/baumpflege-loest.de\/wp-content\/uploads\/2021\/01\/Bilder-Sony-1342-576x1024.jpg 576w, https:\/\/baumpflege-loest.de\/wp-content\/uploads\/2021\/01\/Bilder-Sony-1342-768x1365.jpg 768w, https:\/\/baumpflege-loest.de\/wp-content\/uploads\/2021\/01\/Bilder-Sony-1342-864x1536.jpg 864w, https:\/\/baumpflege-loest.de\/wp-content\/uploads\/2021\/01\/Bilder-Sony-1342-1152x2048.jpg 1152w, https:\/\/baumpflege-loest.de\/wp-content\/uploads\/2021\/01\/Bilder-Sony-1342-scaled.jpg 1440w\" sizes=\"(max-width: 169px) 100vw, 169px\" \/> <img loading=\"lazy\" class=\"alignnone size-medium wp-image-253\" src=\"https:\/\/baumpflege-loest.de\/wp-content\/uploads\/2021\/01\/DSC_0425-169x300.jpg\" alt=\"\" width=\"169\" height=\"300\" srcset=\"https:\/\/baumpflege-loest.de\/wp-content\/uploads\/2021\/01\/DSC_0425-169x300.jpg 169w, https:\/\/baumpflege-loest.de\/wp-content\/uploads\/2021\/01\/DSC_0425-576x1024.jpg 576w, https:\/\/baumpflege-loest.de\/wp-content\/uploads\/2021\/01\/DSC_0425-768x1365.jpg 768w, https:\/\/baumpflege-loest.de\/wp-content\/uploads\/2021\/01\/DSC_0425-864x1536.jpg 864w, https:\/\/baumpflege-loest.de\/wp-content\/uploads\/2021\/01\/DSC_0425-1152x2048.jpg 1152w, https:\/\/baumpflege-loest.de\/wp-content\/uploads\/2021\/01\/DSC_0425-scaled.jpg 1440w\" sizes=\"(max-width: 169px) 100vw, 169px\" \/> <img loading=\"lazy\" class=\"alignnone size-medium wp-image-254\" src=\"https:\/\/baumpflege-loest.de\/wp-content\/uploads\/2021\/01\/DSC_0607-300x225.jpg\" alt=\"\" width=\"300\" height=\"225\" srcset=\"https:\/\/baumpflege-loest.de\/wp-content\/uploads\/2021\/01\/DSC_0607-300x225.jpg 300w, https:\/\/baumpflege-loest.de\/wp-content\/uploads\/2021\/01\/DSC_0607-1024x768.jpg 1024w, https:\/\/baumpflege-loest.de\/wp-content\/uploads\/2021\/01\/DSC_0607-768x576.jpg 768w, https:\/\/baumpflege-loest.de\/wp-content\/uploads\/2021\/01\/DSC_0607-1536x1152.jpg 1536w, https:\/\/baumpflege-loest.de\/wp-content\/uploads\/2021\/01\/DSC_0607-2048x1536.jpg 2048w, https:\/\/baumpflege-loest.de\/wp-content\/uploads\/2021\/01\/DSC_0607-480x360.jpg 480w\" sizes=\"(max-width: 300px) 100vw, 300px\" \/><\/p>\n","protected":false},"excerpt":{"rendered":"<p>Baumkrankheiten sind eine normale Erscheinung auch an vitalen B\u00e4umen. Der Befall durch Sch\u00e4dlinge und Pilze wird beg\u00fcnstigt durch eine Schw\u00e4chung der Baumgesundheit aufgrund von Trockenheit, Mangelern\u00e4hrung, zu hohem Stickstoffeintrag, Kappungen<a href=\"https:\/\/baumpflege-loest.de\/?page_id=149\" class=\"more-link\">Read More <span class=\"screen-reader-text\">Baumkrankheiten<\/span><\/a><\/p>\n","protected":false},"author":1,"featured_media":150,"parent":57,"menu_order":0,"comment_status":"closed","ping_status":"closed","template":"","meta":[],"_links":{"self":[{"href":"https:\/\/baumpflege-loest.de\/index.php?rest_route=\/wp\/v2\/pages\/149"}],"collection":[{"href":"https:\/\/baumpflege-loest.de\/index.php?rest_route=\/wp\/v2\/pages"}],"about":[{"href":"https:\/\/baumpflege-loest.de\/index.php?rest_route=\/wp\/v2\/types\/page"}],"author":[{"embeddable":true,"href":"https:\/\/baumpflege-loest.de\/index.php?rest_route=\/wp\/v2\/users\/1"}],"replies":[{"embeddable":true,"href":"https:\/\/baumpflege-loest.de\/index.php?rest_route=%2Fwp%2Fv2%2Fcomments&post=149"}],"version-history":[{"count":5,"href":"https:\/\/baumpflege-loest.de\/index.php?rest_route=\/wp\/v2\/pages\/149\/revisions"}],"predecessor-version":[{"id":255,"href":"https:\/\/baumpflege-loest.de\/index.php?rest_route=\/wp\/v2\/pages\/149\/revisions\/255"}],"up":[{"embeddable":true,"href":"https:\/\/baumpflege-loest.de\/index.php?rest_route=\/wp\/v2\/pages\/57"}],"wp:featuredmedia":[{"embeddable":true,"href":"https:\/\/baumpflege-loest.de\/index.php?rest_route=\/wp\/v2\/media\/150"}],"wp:attachment":[{"href":"https:\/\/baumpflege-loest.de\/index.php?rest_route=%2Fwp%2Fv2%2Fmedia&parent=149"}],"curies":[{"name":"wp","href":"https:\/\/api.w.org\/{rel}","templated":true}]}}