{"id":241,"date":"2020-12-19T11:12:17","date_gmt":"2020-12-19T10:12:17","guid":{"rendered":"http:\/\/wordpress.baumpflege-loest.de\/?page_id=241"},"modified":"2020-12-19T11:12:17","modified_gmt":"2020-12-19T10:12:17","slug":"leistungen-ueberblick","status":"publish","type":"page","link":"https:\/\/baumpflege-loest.de\/?page_id=241","title":{"rendered":"Leistungen \u00dcberblick"},"content":{"rendered":"<p>Wir f\u00fchren alle Ma\u00dfnahmen zur Pflege, Erhaltung, Bodenverbesserung und Herstellung der Verkehrssicherheit Ihrer B\u00e4ume durch. Nach einer sorgf\u00e4ltigen Baumbeurteilung entscheiden wir mit Ihnen zusammen, welche Ma\u00dfnahmen erforderlich sind. Diese sind vorrangig:<\/p>\n<ul>\n<li>Totholzbeseitigung<\/li>\n<li>Kronenpflege*<\/li>\n<li>Kroneneink\u00fcrzung<\/li>\n<li>Kronenauslichtung<\/li>\n<li>Herstellung des Lichtraumprofiles f\u00fcr den Verkehr<\/li>\n<li>Einbau einer Kronensicherung<\/li>\n<li>Jungbaumpflege z.B. Erziehungsschnitt bei Jungb\u00e4umen<\/li>\n<li>Kopfbaumschnitt<\/li>\n<li>Baumschutz (z.B. bei Bauma\u00dfnahmen)<\/li>\n<li>Ma\u00dfnahmen im Wurzelbereich und im Umfeld des Baumes<\/li>\n<li>Bodenverbesserung<\/li>\n<li>Sturm- und Bruchschadensbeseitigung<\/li>\n<\/ul>\n<p><em>*<strong>Kronenpflege<\/strong>&#8211; Definition aus der anerkannten Richtline \u201eZTV\u201c f\u00fcr die Baumpflege:<\/em><\/p>\n<p><em>Ein art- bzw. sortentypisches Erscheinungsbild ist zu erhalten.<\/em><\/p>\n<p><em>Tote und absterbende \u00c4ste von 3 bis 10 cm an der Basis sind zu entfernen.<\/em><\/p>\n<p><em>Gebrochene Schwach- und Grob\u00e4ste sind zu entfernen. <\/em><\/p>\n<p><em>Schwach\u00e4ste mit eingewachsener Rinde, die zu unerw\u00fcnschten Entwicklungen (z.B. V-Zwiesel) f\u00fchren sind zu entfernen. Handelt es sich um Grob\u00e4ste sind diese einzuk\u00fcrzen.<\/em><\/p>\n<p><em>Von sich reibenden Schwach\u00e4sten ist einer zu entfernen.<\/em><\/p>\n<p><em>W\u00e4hrend eines Pflegeganges d\u00fcrfen keine direkt neben- oder \u00fcbereinander liegenden Wunden\u00fcber 3 cm Durchmesser erzeugt werden.<\/em><\/p>\n<p><strong>Wir machen Ihren Baum m\u00f6glichst sicher!<\/strong><\/p>\n<p>Baumpfleger sorgen auch f\u00fcr die Beseitigung von Gefahren, die von B\u00e4umen ausgehen k\u00f6nnen, wie zum Beispiel <strong>Totholz<\/strong>, welches auch von gesunden B\u00e4umen im Wachstumsprozess abgesto\u00dfen wird. In wald\u00e4hnlichen Bereichen macht es Sinn das Totholz im Baum zu belassen, da es f\u00fcr viele Insekten- und Pflanzenarten einen Lebensraum darstellt.<\/p>\n<p>Des Weiteren k\u00f6nnen Baumkronen mit Seilen, einer sogenannten <strong>Kronensicherung <\/strong>versehen werden um Ast- bzw. St\u00e4mmlingsbruch zu vermeiden und damit das Baumleben zu verl\u00e4ngern. Beispielsweise k\u00f6nnen dann geplante <strong>Entlastungsschnitte<\/strong> bzw. eine <strong>Kroneneink\u00fcrzung<\/strong> geringer ausfallen.<\/p>\n<p><strong>Wie im Forst gilt auch in der Baumpflege: Eine weit vorrausschauende Pflege macht sich bezahlt!<\/strong><\/p>\n<p>Um in Zukunft m\u00f6glichst vitale und langlebige B\u00e4ume zu erhalten, muss die <strong>Pflege der Jungb\u00e4ume<\/strong> ernst genommen werden. Die anfallenden Pflegekosten, sind verglichen mit den Kosten, welche mit dem Ausfall und Ersatz der B\u00e4ume verbunden sind, gering.<\/p>\n<p>Im Folgenden sind die notwendigen Ma\u00dfnahmen dargestellt:<\/p>\n<p><strong>Gie\u00dfg\u00e4nge<\/strong><\/p>\n<ul>\n<li>Um die Wahrscheinlichkeit eines Ausfalls der gepflanzten B\u00e4ume m\u00f6glichst gering zu halten, sind Gie\u00dfg\u00e4nge in trockenen Perioden einzuplanen. Ohne diese Gie\u00dfg\u00e4nge kann man im Voraus mit z\u00f6gerlichem Wachstum und stagnierender Vitalit\u00e4t, bis hin zum vollst\u00e4ndigen Absterben der B\u00e4ume rechnen. In unserem Klima sind vor allem die sommerlichen Hitzeperioden, gepaart mit l\u00e4nger anhaltender Trockenheit f\u00fcr die meisten Sch\u00e4den verantwortlich.<\/li>\n<li>Erfahrungsgem\u00e4\u00df sind im Sommer 3-6 Gie\u00dfg\u00e4nge mit mindestens 100l pro Jungbaum n\u00f6tig. Erst wenn die B\u00e4ume gen\u00fcgend Wurzelraum erschlossen haben, kann langsam auf Gie\u00dfg\u00e4nge verzichtet werden.<\/li>\n<\/ul>\n<p><strong>Jungbaumpflege\/-schnitt<\/strong><\/p>\n<ul>\n<li>Der Jungbaumschnitt sollte bis zum 15. Standjahr alle 2 Jahre erfolgen. Dieser beschr\u00e4nkt sich bei einer \u201enormal\u201c aufgebauten Krone in der Regel auf die Erhaltung eines Lichtraumprofils f\u00fcr den Verkehr in der Zukunft und auf die Entfernung von Konkurrenztrieben. Der Aufwand pro Baum ist klein.<\/li>\n<li>Das vorrausschauende Handeln h\u00e4lt die B\u00e4ume gesund, da sp\u00e4ter keine gro\u00dfen Schnitte mehr gemacht werden m\u00fcssen. Au\u00dferdem werden unerw\u00fcnschte Entwicklungen in der Krone, welche sp\u00e4ter die Verkehrssicherheit gef\u00e4hrden k\u00f6nnten, fr\u00fchzeitig erkannt und gelenkt.<\/li>\n<li>Der <strong>Stammschutz<\/strong> muss bis zum Kronenansatz aufrecht erhalten werden um vor allem Sonnenbrand vorzubeugen. Erst wenn die Borke stark genug ist kann darauf verzichtet werden.<\/li>\n<\/ul>\n","protected":false},"excerpt":{"rendered":"<p>Wir f\u00fchren alle Ma\u00dfnahmen zur Pflege, Erhaltung, Bodenverbesserung und Herstellung der Verkehrssicherheit Ihrer B\u00e4ume durch. Nach einer sorgf\u00e4ltigen Baumbeurteilung entscheiden wir mit Ihnen zusammen, welche Ma\u00dfnahmen erforderlich sind. Diese sind<a href=\"https:\/\/baumpflege-loest.de\/?page_id=241\" class=\"more-link\">Read More <span class=\"screen-reader-text\">Leistungen \u00dcberblick<\/span><\/a><\/p>\n","protected":false},"author":1,"featured_media":0,"parent":0,"menu_order":0,"comment_status":"closed","ping_status":"closed","template":"","meta":[],"_links":{"self":[{"href":"https:\/\/baumpflege-loest.de\/index.php?rest_route=\/wp\/v2\/pages\/241"}],"collection":[{"href":"https:\/\/baumpflege-loest.de\/index.php?rest_route=\/wp\/v2\/pages"}],"about":[{"href":"https:\/\/baumpflege-loest.de\/index.php?rest_route=\/wp\/v2\/types\/page"}],"author":[{"embeddable":true,"href":"https:\/\/baumpflege-loest.de\/index.php?rest_route=\/wp\/v2\/users\/1"}],"replies":[{"embeddable":true,"href":"https:\/\/baumpflege-loest.de\/index.php?rest_route=%2Fwp%2Fv2%2Fcomments&post=241"}],"version-history":[{"count":1,"href":"https:\/\/baumpflege-loest.de\/index.php?rest_route=\/wp\/v2\/pages\/241\/revisions"}],"predecessor-version":[{"id":242,"href":"https:\/\/baumpflege-loest.de\/index.php?rest_route=\/wp\/v2\/pages\/241\/revisions\/242"}],"wp:attachment":[{"href":"https:\/\/baumpflege-loest.de\/index.php?rest_route=%2Fwp%2Fv2%2Fmedia&parent=241"}],"curies":[{"name":"wp","href":"https:\/\/api.w.org\/{rel}","templated":true}]}}